{"id":132,"date":"2021-10-09T20:39:59","date_gmt":"2021-10-09T18:39:59","guid":{"rendered":"https:\/\/cmacris.com\/?page_id=132"},"modified":"2021-11-07T19:18:36","modified_gmt":"2021-11-07T18:18:36","slug":"accueil","status":"publish","type":"page","link":"https:\/\/cmacris.com\/en\/","title":{"rendered":"Accueil 1"},"content":{"rendered":"<style>#kt-layout-id_34c05c-7d > .kt-row-column-wrap{align-content:start;}:where(#kt-layout-id_34c05c-7d > .kt-row-column-wrap) > .wp-block-kadence-column{justify-content:start;}#kt-layout-id_34c05c-7d > .kt-row-column-wrap{column-gap:var(--global-kb-gap-md, 2rem);row-gap:var(--global-kb-gap-md, 2rem);max-width:2000px;margin-left:auto;margin-right:auto;padding-top:var( --global-kb-row-default-top, 25px );padding-bottom:var( --global-kb-row-default-bottom, 25px );padding-top:220px;padding-bottom:220px;grid-template-columns:minmax(0, 1fr);}#kt-layout-id_34c05c-7d{background-image:url('https:\/\/cmacris.com\/wp-content\/uploads\/2021\/11\/web-g5-cat1958-IMG_0298.jpg');background-size:cover;background-position:center center;background-attachment:fixed;background-repeat:no-repeat;}#kt-layout-id_34c05c-7d > .kt-row-layout-overlay{opacity:0.30;}@media all and (max-width: 1024px), only screen and (min-device-width: 1024px) and (max-device-width: 1366px) and (-webkit-min-device-pixel-ratio: 2) and (orientation: landscape) and (hover: none){#kt-layout-id_34c05c-7d{background-attachment:scroll;}}@media all and (max-width: 1024px){#kt-layout-id_34c05c-7d > .kt-row-column-wrap{grid-template-columns:minmax(0, 1fr);}}@media all and (max-width: 767px){#kt-layout-id_34c05c-7d > .kt-row-column-wrap{grid-template-columns:minmax(0, 1fr);}}<\/style>\n<div class=\"wp-block-kadence-rowlayout alignwide\"><div id=\"kt-layout-id_34c05c-7d\" class=\"kt-row-layout-inner kt-row-has-bg kt-layout-id_34c05c-7d kt-jarallax\"><div class=\"kt-row-column-wrap kt-has-1-columns kt-gutter-default kt-v-gutter-default kt-row-valign-top kt-row-layout-equal kt-tab-layout-inherit kt-m-colapse-left-to-right kt-mobile-layout-row\"><style>.kadence-column_27a243-fb > .kt-inside-inner-col{border-top-width:0px;border-right-width:0px;border-bottom-width:0px;border-left-width:0px;}.kadence-column_27a243-fb > .kt-inside-inner-col,.kadence-column_27a243-fb > .kt-inside-inner-col:before{border-top-left-radius:0px;border-top-right-radius:0px;border-bottom-right-radius:0px;border-bottom-left-radius:0px;}.kadence-column_27a243-fb > .kt-inside-inner-col{column-gap:var(--global-kb-gap-sm, 1rem);}.kadence-column_27a243-fb > .kt-inside-inner-col{flex-direction:column;}.kadence-column_27a243-fb > .kt-inside-inner-col > .aligncenter{width:100%;}.kadence-column_27a243-fb > .kt-inside-inner-col:before{opacity:0.3;}.kadence-column_27a243-fb{position:relative;}@media all and (max-width: 1024px){.kadence-column_27a243-fb > .kt-inside-inner-col{flex-direction:column;}}@media all and (max-width: 767px){.kadence-column_27a243-fb > .kt-inside-inner-col{flex-direction:column;}}<\/style>\n<div class=\"wp-block-kadence-column inner-column-1 kadence-column_27a243-fb\"><div class=\"kt-inside-inner-col\"><style>#kt-layout-id_db2e19-62{margin-top:0px;}#kt-layout-id_db2e19-62 > .kt-row-column-wrap{align-content:start;}:where(#kt-layout-id_db2e19-62 > .kt-row-column-wrap) > .wp-block-kadence-column{justify-content:start;}#kt-layout-id_db2e19-62 > .kt-row-column-wrap{column-gap:var(--global-kb-gap-md, 2rem);row-gap:var(--global-kb-gap-md, 2rem);padding-top:var( --global-kb-row-default-top, 25px );padding-bottom:var( --global-kb-row-default-bottom, 25px );padding-left:400px;padding-right:400px;grid-template-columns:minmax(0, 1fr);}#kt-layout-id_db2e19-62 > .kt-row-layout-overlay{opacity:0.30;}@media all and (max-width: 1024px){#kt-layout-id_db2e19-62 > .kt-row-column-wrap{grid-template-columns:minmax(0, 1fr);}}@media all and (max-width: 767px){#kt-layout-id_db2e19-62 > .kt-row-column-wrap{grid-template-columns:minmax(0, 1fr);}}<\/style>\n<div class=\"wp-block-kadence-rowlayout alignnone\"><div id=\"kt-layout-id_db2e19-62\" class=\"kt-row-layout-inner kt-layout-id_db2e19-62\"><div class=\"kt-row-column-wrap kt-has-1-columns kt-gutter-default kt-v-gutter-default kt-row-valign-top kt-row-layout-equal kt-tab-layout-inherit kt-m-colapse-left-to-right kt-mobile-layout-row\"><style>.kadence-column_6afe40-93 > .kt-inside-inner-col{border-top-width:0px;border-right-width:0px;border-bottom-width:0px;border-left-width:0px;}.kadence-column_6afe40-93 > .kt-inside-inner-col,.kadence-column_6afe40-93 > .kt-inside-inner-col:before{border-top-left-radius:0px;border-top-right-radius:0px;border-bottom-right-radius:0px;border-bottom-left-radius:0px;}.kadence-column_6afe40-93 > .kt-inside-inner-col{column-gap:var(--global-kb-gap-sm, 1rem);}.kadence-column_6afe40-93 > .kt-inside-inner-col{flex-direction:column;}.kadence-column_6afe40-93 > .kt-inside-inner-col > .aligncenter{width:100%;}.kadence-column_6afe40-93 > .kt-inside-inner-col:before{opacity:0.3;}.kadence-column_6afe40-93{position:relative;}@media all and (max-width: 1024px){.kadence-column_6afe40-93 > .kt-inside-inner-col{flex-direction:column;}}@media all and (max-width: 767px){.kadence-column_6afe40-93 > .kt-inside-inner-col{flex-direction:column;}}<\/style>\n<div class=\"wp-block-kadence-column inner-column-1 kadence-column_6afe40-93\"><div class=\"kt-inside-inner-col\">\n<p class=\"has-theme-palette-9-color has-text-color\" style=\"font-size:30px;line-height:2\">French painter of Greek origin born in Cairo in 1917, Constantin MACRIS came to Paris in 1948.<br>In 1954, he was taken under contract by Pierre Loeb. Exhibitions at the Galerie Pierre (Paris) and then at the Galerie Albert Loeb (New York) contributed to make his work widely known. His name remained associated with this period.<br>When Galerie Pierre closed in 1963, MACRIS was already on a new path. In order to pursue his artistic research independently, he decided not to link up with another gallery. He worked on this project twenty years until his death in 1984.<\/p>\n\n\n\n<p class=\"has-theme-palette-9-color has-text-color\" style=\"font-size:30px;line-height:2\">His career is presented here, with particular attention to the last period, which remains to be discovered.<\/p>\n<\/div><\/div>\n<\/div><\/div><\/div>\n<\/div><\/div>\n<\/div><\/div><\/div>","protected":false},"excerpt":{"rendered":"<p>Peintre grec n\u00e9 au Caire en 1917, Constantin MACRIS est venu \u00e0 Paris en 1948.En 1954, il est pris sous contrat par Pierre Loeb. Des expositions \u00e0 la Galerie Pierre (Paris) puis \u00e0 la Galerie Albert Loeb (New York) notamment font conna\u00eetre largement son \u0153uvre. Son nom est rest\u00e9 associ\u00e9 \u00e0 cette p\u00e9riode.\u00c0 la fermeture&#8230;<\/p>","protected":false},"author":1,"featured_media":0,"parent":0,"menu_order":0,"comment_status":"closed","ping_status":"closed","template":"","meta":{"_kad_post_transparent":"","_kad_post_title":"","_kad_post_layout":"","_kad_post_sidebar_id":"","_kad_post_content_style":"","_kad_post_vertical_padding":"","_kad_post_feature":"","_kad_post_feature_position":"","_kad_post_header":false,"_kad_post_footer":false,"footnotes":""},"class_list":["post-132","page","type-page","status-publish","hentry"],"_links":{"self":[{"href":"https:\/\/cmacris.com\/en\/wp-json\/wp\/v2\/pages\/132","targetHints":{"allow":["GET"]}}],"collection":[{"href":"https:\/\/cmacris.com\/en\/wp-json\/wp\/v2\/pages"}],"about":[{"href":"https:\/\/cmacris.com\/en\/wp-json\/wp\/v2\/types\/page"}],"author":[{"embeddable":true,"href":"https:\/\/cmacris.com\/en\/wp-json\/wp\/v2\/users\/1"}],"replies":[{"embeddable":true,"href":"https:\/\/cmacris.com\/en\/wp-json\/wp\/v2\/comments?post=132"}],"version-history":[{"count":21,"href":"https:\/\/cmacris.com\/en\/wp-json\/wp\/v2\/pages\/132\/revisions"}],"predecessor-version":[{"id":524,"href":"https:\/\/cmacris.com\/en\/wp-json\/wp\/v2\/pages\/132\/revisions\/524"}],"wp:attachment":[{"href":"https:\/\/cmacris.com\/en\/wp-json\/wp\/v2\/media?parent=132"}],"curies":[{"name":"wp","href":"https:\/\/api.w.org\/{rel}","templated":true}]}}