{"id":91,"date":"2021-10-06T22:35:07","date_gmt":"2021-10-06T20:35:07","guid":{"rendered":"https:\/\/cmacris.com\/?page_id=91"},"modified":"2021-10-12T22:08:34","modified_gmt":"2021-10-12T20:08:34","slug":"contact","status":"publish","type":"page","link":"https:\/\/cmacris.com\/en\/contact\/","title":{"rendered":"Contact"},"content":{"rendered":"<style>.wp-block-kadence-spacer.kt-block-spacer-_b69ffe-89 .kt-block-spacer{height:100px;}.wp-block-kadence-spacer.kt-block-spacer-_b69ffe-89 .kt-divider{border-top-width:1px;height:1px;border-top-color:#eee;width:80%;border-top-style:solid;}<\/style>\n<div class=\"wp-block-kadence-spacer aligncenter kt-block-spacer-_b69ffe-89\"><div class=\"kt-block-spacer kt-block-spacer-halign-center\" style=\"height:100px\"><\/div><\/div>\n\n\n<style>#kt-layout-id_1664c6-28 > .kt-row-column-wrap{align-content:start;}:where(#kt-layout-id_1664c6-28 > .kt-row-column-wrap) > .wp-block-kadence-column{justify-content:start;}#kt-layout-id_1664c6-28 > .kt-row-column-wrap{column-gap:var(--global-kb-gap-md, 2rem);row-gap:var(--global-kb-gap-md, 2rem);padding-top:var( --global-kb-row-default-top, 25px );padding-bottom:var( --global-kb-row-default-bottom, 25px );padding-top:var(--global-kb-spacing-sm, 1.5rem);padding-bottom:var(--global-kb-spacing-sm, 1.5rem);grid-template-columns:minmax(0, 1fr) minmax(0, 2fr) minmax(0, 1fr);}#kt-layout-id_1664c6-28 > .kt-row-layout-overlay{opacity:0.30;}@media all and (max-width: 1024px){#kt-layout-id_1664c6-28 > .kt-row-column-wrap{grid-template-columns:repeat(3, minmax(0, 1fr));}}@media all and (max-width: 767px){#kt-layout-id_1664c6-28 > .kt-row-column-wrap{grid-template-columns:minmax(0, 1fr);}}<\/style>\n<div class=\"wp-block-kadence-rowlayout alignnone\"><div id=\"kt-layout-id_1664c6-28\" class=\"kt-row-layout-inner kt-layout-id_1664c6-28\"><div class=\"kt-row-column-wrap kt-has-3-columns kt-gutter-default kt-v-gutter-default kt-row-valign-top kt-row-layout-center-half kt-tab-layout-inherit kt-m-colapse-left-to-right kt-mobile-layout-row\"><style>.kadence-column_e8c50b-0d > .kt-inside-inner-col{border-top-width:0px;border-right-width:0px;border-bottom-width:0px;border-left-width:0px;}.kadence-column_e8c50b-0d > .kt-inside-inner-col,.kadence-column_e8c50b-0d > .kt-inside-inner-col:before{border-top-left-radius:0px;border-top-right-radius:0px;border-bottom-right-radius:0px;border-bottom-left-radius:0px;}.kadence-column_e8c50b-0d > .kt-inside-inner-col{column-gap:var(--global-kb-gap-sm, 1rem);}.kadence-column_e8c50b-0d > .kt-inside-inner-col{flex-direction:column;}.kadence-column_e8c50b-0d > .kt-inside-inner-col > .aligncenter{width:100%;}.kadence-column_e8c50b-0d > .kt-inside-inner-col:before{opacity:0.3;}.kadence-column_e8c50b-0d{position:relative;}@media all and (max-width: 1024px){.kadence-column_e8c50b-0d > .kt-inside-inner-col{flex-direction:column;}}@media all and (max-width: 767px){.kadence-column_e8c50b-0d > .kt-inside-inner-col{flex-direction:column;}}<\/style>\n<div class=\"wp-block-kadence-column inner-column-1 kadence-column_e8c50b-0d\"><div class=\"kt-inside-inner-col\"><\/div><\/div>\n\n\n<style>.kadence-column_bd04cd-8a > .kt-inside-inner-col{border-top-width:0px;border-right-width:0px;border-bottom-width:0px;border-left-width:0px;}.kadence-column_bd04cd-8a > .kt-inside-inner-col,.kadence-column_bd04cd-8a > .kt-inside-inner-col:before{border-top-left-radius:0px;border-top-right-radius:0px;border-bottom-right-radius:0px;border-bottom-left-radius:0px;}.kadence-column_bd04cd-8a > .kt-inside-inner-col{column-gap:var(--global-kb-gap-sm, 1rem);}.kadence-column_bd04cd-8a > .kt-inside-inner-col{flex-direction:column;}.kadence-column_bd04cd-8a > .kt-inside-inner-col > .aligncenter{width:100%;}.kadence-column_bd04cd-8a > .kt-inside-inner-col:before{opacity:0.3;}.kadence-column_bd04cd-8a{position:relative;}@media all and (max-width: 1024px){.kadence-column_bd04cd-8a > .kt-inside-inner-col{flex-direction:column;}}@media all and (max-width: 767px){.kadence-column_bd04cd-8a > .kt-inside-inner-col{flex-direction:column;}}<\/style>\n<div class=\"wp-block-kadence-column inner-column-2 kadence-column_bd04cd-8a\"><div class=\"kt-inside-inner-col\"><style>.kadence-form-_6b1b32-f1 .kb-form .kadence-blocks-form-field .kb-text-style-field, .kadence-form-_6b1b32-f1 .kb-form .kadence-blocks-form-field .kb-select-style-field{font-size:18px;}.kadence-form-_6b1b32-f1 .kb-form .kadence-blocks-form-field > label{font-size:18px;}.kadence-form-_6b1b32-f1 .kb-form .kadence-blocks-form-field .kb-forms-submit{color:var(--global-palette1, #3182CE);border-width:2px 2px 2px 2px;background:var(--global-palette8, #F7FAFC);border-color:var(--global-palette1, #3182CE);}.kadence-form-_6b1b32-f1 .kadence-blocks-form-success{color:var(--global-palette1, #3182CE);border-color:var(--global-palette1, #3182CE);background:var(--global-palette7, #EDF2F7);}.kadence-form-_6b1b32-f1 .kadence-blocks-form-warning{color:#d4071a;border-color:var(--global-palette1, #3182CE);background:var(--global-palette7, #EDF2F7);}.kadence-form-_6b1b32-f1 .kadence-blocks-form-message, .kadence-form-_6b1b32-f1 .kb-form-error-msg{font-size:18px;}<\/style>\n<div class=\"wp-block-kadence-form kadence-form-_6b1b32-f1 kb-form-wrap\"><form class=\"kb-form\" action=\"\" method=\"post\" data-error-message=\"D\u00e9sol\u00e9, votre message n'a pas pu \u00eatre transmis.\" data-trp-original-action=\"\"><div class=\"kadence-blocks-form-field kb-field-desk-width-100 kb-input-size-standard\"><label for=\"kb_field__6b1b32-f1_0\">Nom<\/label><input name=\"kb_field_0\" id=\"kb_field__6b1b32-f1_0\" data-label=\"Nom\" type=\"text\" placeholder=\"Nom, pr\u00e9nom\" value=\"\" data-type=\"text\" class=\"kb-field kb-text-style-field kb-text-field kb-field-0\"\/><\/div><div class=\"kadence-blocks-form-field kb-form-field-1 kb-field-desk-width-100 kb-input-size-standard\"><label for=\"kb_field__6b1b32-f1_1\">Email<span class=\"required\">*<\/span><\/label><input name=\"kb_field_1\" id=\"kb_field__6b1b32-f1_1\" data-label=\"Email\" type=\"email\" placeholder=\"Votre adresse \u00e9lectronique\" value=\"\" data-type=\"email\" class=\"kb-field kb-text-style-field kb-email-field kb-field-1\" data-required=\"yes\"\/><\/div><div class=\"kadence-blocks-form-field kb-form-field-2 kb-field-desk-width-100 kb-input-size-standard\"><label for=\"kb_field__6b1b32-f1_2\">Message<span class=\"required\">*<\/span><\/label><textarea name=\"kb_field_2\" id=\"kb_field__6b1b32-f1_2\" data-label=\"Message\" type=\"textarea\" placeholder=\"Votre message\" data-type=\"textarea\" class=\"kb-field kb-text-style-field kb-textarea-field kb-field-2\" rows=\"4\" data-required=\"yes\"><\/textarea><\/div><input type=\"hidden\" name=\"_kb_form_id\" value=\"_6b1b32-f1\"\/><input type=\"hidden\" name=\"_kb_form_post_id\" value=\"91\"\/><input type=\"hidden\" name=\"action\" value=\"kb_process_ajax_submit\"\/><input class=\"kadence-blocks-field verify\" type=\"text\" name=\"_kb_verify_email\" autocomplete=\"new-password\" aria-hidden=\"true\" placeholder=\"Email\" tabindex=\"-1\" data-1p-ignore=\"true\" data-lpignore=\"true\" \/><div class=\"kadence-blocks-form-field kb-submit-field kb-field-desk-width-100\"><button class=\"kb-forms-submit button kb-button-size-custom kb-button-width-auto\">Submit<\/button><\/div><input type=\"hidden\" name=\"trp-form-language\" value=\"en\"\/><\/form><\/div>\n<noscript><div class=\"kadence-blocks-form-message kadence-blocks-form-warning\">Please enable JavaScript in your browser to submit the form<\/div><style>.kadence-form-_6b1b32-f1 .kadence-blocks-form-field.kb-submit-field { display: none; }<\/style><\/noscript><\/div><\/div>\n\n\n<style>.kadence-column_9bd151-e2 > .kt-inside-inner-col{border-top-width:0px;border-right-width:0px;border-bottom-width:0px;border-left-width:0px;}.kadence-column_9bd151-e2 > .kt-inside-inner-col,.kadence-column_9bd151-e2 > .kt-inside-inner-col:before{border-top-left-radius:0px;border-top-right-radius:0px;border-bottom-right-radius:0px;border-bottom-left-radius:0px;}.kadence-column_9bd151-e2 > .kt-inside-inner-col{column-gap:var(--global-kb-gap-sm, 1rem);}.kadence-column_9bd151-e2 > .kt-inside-inner-col{flex-direction:column;}.kadence-column_9bd151-e2 > .kt-inside-inner-col > .aligncenter{width:100%;}.kadence-column_9bd151-e2 > .kt-inside-inner-col:before{opacity:0.3;}.kadence-column_9bd151-e2{position:relative;}@media all and (max-width: 1024px){.kadence-column_9bd151-e2 > .kt-inside-inner-col{flex-direction:column;}}@media all and (max-width: 767px){.kadence-column_9bd151-e2 > .kt-inside-inner-col{flex-direction:column;}}<\/style>\n<div class=\"wp-block-kadence-column inner-column-3 kadence-column_9bd151-e2\"><div class=\"kt-inside-inner-col\"><\/div><\/div>\n<\/div><\/div><\/div>","protected":false},"excerpt":{"rendered":"","protected":false},"author":1,"featured_media":0,"parent":0,"menu_order":0,"comment_status":"open","ping_status":"closed","template":"","meta":{"_kad_post_transparent":"","_kad_post_title":"","_kad_post_layout":"","_kad_post_sidebar_id":"","_kad_post_content_style":"","_kad_post_vertical_padding":"","_kad_post_feature":"","_kad_post_feature_position":"","_kad_post_header":false,"_kad_post_footer":false,"footnotes":""},"class_list":["post-91","page","type-page","status-publish","hentry"],"_links":{"self":[{"href":"https:\/\/cmacris.com\/en\/wp-json\/wp\/v2\/pages\/91","targetHints":{"allow":["GET"]}}],"collection":[{"href":"https:\/\/cmacris.com\/en\/wp-json\/wp\/v2\/pages"}],"about":[{"href":"https:\/\/cmacris.com\/en\/wp-json\/wp\/v2\/types\/page"}],"author":[{"embeddable":true,"href":"https:\/\/cmacris.com\/en\/wp-json\/wp\/v2\/users\/1"}],"replies":[{"embeddable":true,"href":"https:\/\/cmacris.com\/en\/wp-json\/wp\/v2\/comments?post=91"}],"version-history":[{"count":15,"href":"https:\/\/cmacris.com\/en\/wp-json\/wp\/v2\/pages\/91\/revisions"}],"predecessor-version":[{"id":281,"href":"https:\/\/cmacris.com\/en\/wp-json\/wp\/v2\/pages\/91\/revisions\/281"}],"wp:attachment":[{"href":"https:\/\/cmacris.com\/en\/wp-json\/wp\/v2\/media?parent=91"}],"curies":[{"name":"wp","href":"https:\/\/api.w.org\/{rel}","templated":true}]}}